
{"id":313,"date":"2015-09-10T18:49:51","date_gmt":"2015-09-10T16:49:51","guid":{"rendered":"http:\/\/www.gos-gre.si\/?page_id=313"},"modified":"2017-11-29T14:18:16","modified_gmt":"2017-11-29T12:18:16","slug":"twitter","status":"publish","type":"page","link":"http:\/\/www.gos-gre.si\/?page_id=313","title":{"rendered":"V \u017eivo"},"content":{"rendered":"<p>Tukaj so linki do lokacij, kjer me najdete bolj v \u017eivo kot na blogu, kjer sem znan po dolgih zamikih med dogodkom in objavo. V\u010dasih (potovanje v jugovzhodno Azijo) je bil aktualen <a href=\"https:\/\/twitter.com\/Gos_Gre\/with_replies\">Twitter<\/a>, sedaj pa je bolj aktualen <a href=\"https:\/\/www.instagram.com\/gos_gre.si\/\">Instagram<\/a>.<\/p>\n<p>\u010ce ne vidi\u0161 ni\u010desar tu spodaj probaj izklopiti AdBlock.<\/p>\n        <div id=\"sbi_mod_error\" >\r\n            <span>This error message is only visible to WordPress admins<\/span><br \/>\r\n            <p><b>Error: No connected account.<\/b>\r\n            <p>Please go to the Instagram Feed settings page to connect an account.<\/p>\r\n        <\/div>\r\n\t\t\n<p>&nbsp;<\/p>\n<div style=\"text-align: center;\">\n<a class=\"twitter-timeline\" href=\"https:\/\/twitter.com\/Gos_Gre\" data-dnt=\"true\" data-widget-id=\"642014613182279680\"><br \/>\nTweets by @Gos_Gre<br \/>\n<\/a><br \/>\n<script>\/\/ <![CDATA[\n!function(d,s,id){var js,fjs=d.getElementsByTagName(s)[0],p=\/^http:\/.test(d.location)?'http':'https';if(!d.getElementById(id)){js=d.createElement(s);js.id=id;js.src=p+\":\/\/platform.twitter.com\/widgets.js\";fjs.parentNode.insertBefore(js,fjs);}}(document,\"script\",\"twitter-wjs\");\n\/\/ ]]><\/script>\n<\/div>\n<p>&nbsp;<\/p>\n<div style=\"text-align: center;\">\n            <a class=\"twitter-timeline\" data-dnt=\"true\" href=\"https:\/\/twitter.com\/goskascience\" data-widget-id=\"642011640825815040\">Tweets by @goskascience<\/a><br \/>\n            <script>!function(d,s,id){var js,fjs=d.getElementsByTagName(s)[0],p=\/^http:\/.test(d.location)?'http':'https';if(!d.getElementById(id)){js=d.createElement(s);js.id=id;js.src=p+\":\/\/platform.twitter.com\/widgets.js\";fjs.parentNode.insertBefore(js,fjs);}}(document,\"script\",\"twitter-wjs\");<\/script>\n<\/div>\n","protected":false},"excerpt":{"rendered":"<p>Tukaj so linki do lokacij, kjer me najdete bolj v \u017eivo kot na blogu, kjer sem znan po dolgih zamikih med dogodkom in objavo. V\u010dasih (potovanje v jugovzhodno Azijo) je bil aktualen Twitter, sedaj pa je bolj aktualen Instagram. \u010ce ne vidi\u0161 ni\u010desar tu spodaj probaj izklopiti AdBlock. &nbsp; Tweets by @Gos_Gre &nbsp; Tweets by @goskascience<\/p>\n","protected":false},"author":1,"featured_media":0,"parent":0,"menu_order":0,"comment_status":"closed","ping_status":"closed","template":"","meta":{"_monsterinsights_skip_tracking":false,"_monsterinsights_sitenote_active":false,"_monsterinsights_sitenote_note":"","_monsterinsights_sitenote_category":0,"spay_email":""},"jetpack_sharing_enabled":true,"jetpack_shortlink":"https:\/\/wp.me\/P6EHQ0-53","_links":{"self":[{"href":"http:\/\/www.gos-gre.si\/index.php?rest_route=\/wp\/v2\/pages\/313"}],"collection":[{"href":"http:\/\/www.gos-gre.si\/index.php?rest_route=\/wp\/v2\/pages"}],"about":[{"href":"http:\/\/www.gos-gre.si\/index.php?rest_route=\/wp\/v2\/types\/page"}],"author":[{"embeddable":true,"href":"http:\/\/www.gos-gre.si\/index.php?rest_route=\/wp\/v2\/users\/1"}],"replies":[{"embeddable":true,"href":"http:\/\/www.gos-gre.si\/index.php?rest_route=%2Fwp%2Fv2%2Fcomments&post=313"}],"version-history":[{"count":24,"href":"http:\/\/www.gos-gre.si\/index.php?rest_route=\/wp\/v2\/pages\/313\/revisions"}],"predecessor-version":[{"id":3810,"href":"http:\/\/www.gos-gre.si\/index.php?rest_route=\/wp\/v2\/pages\/313\/revisions\/3810"}],"wp:attachment":[{"href":"http:\/\/www.gos-gre.si\/index.php?rest_route=%2Fwp%2Fv2%2Fmedia&parent=313"}],"curies":[{"name":"wp","href":"https:\/\/api.w.org\/{rel}","templated":true}]}}