
{"id":450,"date":"2015-10-15T00:59:10","date_gmt":"2015-10-14T22:59:10","guid":{"rendered":"http:\/\/www.gos-gre.si\/?page_id=450"},"modified":"2016-01-14T09:59:52","modified_gmt":"2016-01-14T08:59:52","slug":"trenutna-lokacija-in-kratkorocni-plan","status":"publish","type":"page","link":"http:\/\/www.gos-gre.si\/?page_id=450","title":{"rendered":"Trenutna lokacija in plan"},"content":{"rendered":"<p><strong>18. januar &#8211; Let domov (Dunaj, ob 19:45) <\/strong><\/p>\n<h1>Arhiv:<\/h1>\n<h2>15.10 &#8211; 20.10<\/h2>\n<p>Lokacija (15.10.2015 07:00 lokalni \u010das): Letali\u0161\u010de KLIA2, po\u010dasen internet in brez vti\u010dnice za elektriko.<\/p>\n<p>8:30 &#8211; 10:?? &#8211; Let v Kuching.<\/p>\n<p>Potem nekaj dni (2-5) v Kuchingu in okolici (Narodni park Bako in drugi).<br \/>\nPotem naprej v smeri Sibu, Miri, Brunei.<\/p>\n<p>&#8230;<\/p>\n<h2>20.10 &#8211; 04.11<\/h2>\n<p>21. oktober: Ladja Kuching &#8211; Sibu<\/p>\n<p>Sibu &#8211; Miri z busom in\/ali ladjo<\/p>\n<p>25. oktober: Let Miri &#8211; Mulu (National Park Gunung Mulu)\u00a0<strong>Brez interneta in mobitela do 30.<\/strong><br \/>\nTreking (2 no\u010di), jame, d\u017eungla, geologija&#8230;<br \/>\n30. oktober: Let Mulu &#8211; Miri<\/p>\n<p>Brunei<br \/>\nKota Kinabalu<br \/>\nOrgangutani&#8230;<\/p>\n<h2>4.11 &#8211; 26.11<\/h2>\n<p>4.11 &#8211; 7.11: 3 dni, 2 no\u010di na in ob reki Kinabatangan. <a href=\"https:\/\/en.wikipedia.org\/wiki\/Kinabatangan_River\">https:\/\/en.wikipedia.org\/wiki\/Kinabatangan_River<\/a><\/p>\n<p>7.11 popoldne: Nazaj v Kota Kinabalu<br \/>\n8.11-10.11 Neka pla\u017ea nekje?<br \/>\n11. november &#8211; Let Kota Kinabalu &#8211; Manila. Lahko spreminjava datum leta.<\/p>\n<p>Filipini. Neko\u010d se prestaviva iz okolice Manile v okolico Cebuja. Mogo\u010de \u0161e kak\u0161en vmesen postanek. (Kdo bi vedel? Nikjer ne najdeva Lonely Planeta za Filipine, na ebook readerju je pa nadle\u017eno brati vodi\u010de. Tako da \u0161e nimava plana.)<\/p>\n<h2>26.11-12.12<\/h2>\n<p>2. december &#8211; Let Cebu (Filipini) &#8211; Singapur.<\/p>\n<p>6. december &#8211; Let Singapur &#8211; Pataya (Tajska)<\/p>\n<p>Tajska?, Kambod\u017ea?, Tajska?, Laos?, Tajska?<\/p>\n<p><strong>18. januar &#8211; Let domov (Dunaj, ob 19:45) <\/strong><\/p>\n<h2>12.12-<\/h2>\n<p>12.12: Ubon Ratchathani<\/p>\n<p>V naslednjih dneh greva prek Mukdahan (Tajska) v Savannakhet (Laos). Potem sva 7-14 dni v Laosu. Potem Kambod\u017ea. Kambod\u017eo zaklju\u010diva z Angkor Wat-om (in upava, da bo \u017ee dovolj pozno po novem letu, da ne bo gne\u010de). Po Kambod\u017ei sledi nekaj dni v Bangkoku (verjetno ni\u010d ve\u010d kot Bangkok na Tajskem).<\/p>\n<p><strong>18. januar &#8211; Let domov (Dunaj, ob 19:45) <\/strong><\/p>\n","protected":false},"excerpt":{"rendered":"<p>18. januar &#8211; Let domov (Dunaj, ob 19:45) Arhiv: 15.10 &#8211; 20.10 Lokacija (15.10.2015 07:00 lokalni \u010das): Letali\u0161\u010de KLIA2, po\u010dasen internet in brez vti\u010dnice za elektriko. 8:30 &#8211; 10:?? &#8211; Let v Kuching. Potem nekaj dni (2-5) v Kuchingu in okolici (Narodni park Bako in drugi). Potem naprej v smeri Sibu, Miri, Brunei. &#8230; 20.10 &#8211; 04.11 21. oktober: Ladja Kuching &#8211; Sibu Sibu &#8211; Miri z busom in\/ali ladjo 25. oktober: Let Miri &#8211; Mulu (National Park Gunung Mulu)\u00a0Brez interneta in mobitela do 30. Treking (2 no\u010di), jame, d\u017eungla, geologija&#8230; 30. oktober: Let Mulu &#8211; Miri Brunei Kota Kinabalu <a class=\"read-more\" href=\"http:\/\/www.gos-gre.si\/?page_id=450\">Preberi vse<\/a><\/p>\n","protected":false},"author":1,"featured_media":0,"parent":0,"menu_order":0,"comment_status":"closed","ping_status":"closed","template":"","meta":{"_monsterinsights_skip_tracking":false,"_monsterinsights_sitenote_active":false,"_monsterinsights_sitenote_note":"","_monsterinsights_sitenote_category":0,"spay_email":""},"jetpack_sharing_enabled":true,"jetpack_shortlink":"https:\/\/wp.me\/P6EHQ0-7g","_links":{"self":[{"href":"http:\/\/www.gos-gre.si\/index.php?rest_route=\/wp\/v2\/pages\/450"}],"collection":[{"href":"http:\/\/www.gos-gre.si\/index.php?rest_route=\/wp\/v2\/pages"}],"about":[{"href":"http:\/\/www.gos-gre.si\/index.php?rest_route=\/wp\/v2\/types\/page"}],"author":[{"embeddable":true,"href":"http:\/\/www.gos-gre.si\/index.php?rest_route=\/wp\/v2\/users\/1"}],"replies":[{"embeddable":true,"href":"http:\/\/www.gos-gre.si\/index.php?rest_route=%2Fwp%2Fv2%2Fcomments&post=450"}],"version-history":[{"count":11,"href":"http:\/\/www.gos-gre.si\/index.php?rest_route=\/wp\/v2\/pages\/450\/revisions"}],"predecessor-version":[{"id":1083,"href":"http:\/\/www.gos-gre.si\/index.php?rest_route=\/wp\/v2\/pages\/450\/revisions\/1083"}],"wp:attachment":[{"href":"http:\/\/www.gos-gre.si\/index.php?rest_route=%2Fwp%2Fv2%2Fmedia&parent=450"}],"curies":[{"name":"wp","href":"https:\/\/api.w.org\/{rel}","templated":true}]}}